{"id":19486,"date":"2021-09-14T08:43:41","date_gmt":"2023-05-24T07:53:41","guid":{"rendered":"https:\/\/losvinosdemiguel.com\/producto\/ailala-castes-tintas\/"},"modified":"2025-01-16T13:25:28","modified_gmt":"2025-01-16T12:25:28","slug":"ailala-castes-tintas","status":"publish","type":"product","link":"https:\/\/losvinosdemiguel.com\/en\/producto\/ailala-castes-tintas\/","title":{"rendered":"Ailalelo Castes Tintas"},"content":{"rendered":"<p><strong>AILALELO CASTES TINTAS<\/strong><\/p>\n<p style=\"font-weight: 400;\">Throughout the Avia Valley there are small \u201calmost forgotten\u201d plots between 50 and 80 years old planted with a medley of native varieties, as is the tradition in the area.<\/p>\n<p>&nbsp;<\/p>\n<p style=\"font-weight: 400;\">Here Sous\u00f3n, Cai\u00f1o longo, Bastardo, Carabu\u00f1eira and some others coexist in small productions, highlighting the Atlantic character in a red wine that is made in a French wood vat. It is not made every year, only in exceptional vintages.<\/p>\n<p>&nbsp;<\/p>\n<p style=\"font-weight: 400;\"><strong>Tasting notes:<\/strong> It is an elegant and very dynamic red wine, with persistent red fruit: raspberry, red cherry, red cranberry, a nose of deep intensity with an intense aftertaste of rose and violet with a herbaceous and fresh reminiscence of lavender and violets with pepper and flint. Long, it persists with a background of toasted bread and cedar that defines a wine with a long life.<\/p>\n<p>&nbsp;<\/p>\n","protected":false},"excerpt":{"rendered":"<p>AILALELO CASTES TINTAS Throughout the Avia Valley there are small \u201calmost forgotten\u201d plots between 50 and 80 years old planted with a medley of native varieties, as is the tradition in the area. &nbsp; Here Sous\u00f3n, Cai\u00f1o longo, Bastardo, Carabu\u00f1eira and some others coexist in&#8230;<\/p>\n","protected":false},"featured_media":19856,"comment_status":"closed","ping_status":"closed","template":"","meta":[],"aioseo_notices":[],"_links":{"self":[{"href":"https:\/\/losvinosdemiguel.com\/en\/wp-json\/wp\/v2\/product\/19486"}],"collection":[{"href":"https:\/\/losvinosdemiguel.com\/en\/wp-json\/wp\/v2\/product"}],"about":[{"href":"https:\/\/losvinosdemiguel.com\/en\/wp-json\/wp\/v2\/types\/product"}],"replies":[{"embeddable":true,"href":"https:\/\/losvinosdemiguel.com\/en\/wp-json\/wp\/v2\/comments?post=19486"}],"wp:featuredmedia":[{"embeddable":true,"href":"https:\/\/losvinosdemiguel.com\/en\/wp-json\/wp\/v2\/media\/19856"}],"wp:attachment":[{"href":"https:\/\/losvinosdemiguel.com\/en\/wp-json\/wp\/v2\/media?parent=19486"}],"curies":[{"name":"wp","href":"https:\/\/api.w.org\/{rel}","templated":true}]}}