{"id":17160,"date":"2021-09-15T08:50:09","date_gmt":"2021-01-22T08:50:09","guid":{"rendered":"https:\/\/losvinosdemiguel.com\/producto\/ailala-treixadura\/"},"modified":"2025-04-24T08:39:35","modified_gmt":"2025-04-24T06:39:35","slug":"ailala-treixadura","status":"publish","type":"product","link":"https:\/\/losvinosdemiguel.com\/en\/producto\/ailala-treixadura\/","title":{"rendered":"Ailal\u00e1 Treixadura"},"content":{"rendered":"<h3><strong>AILAL\u00c1 WHITE<\/strong><\/h3>\n<p><strong>Dry, young, single-varietal white wine<\/strong> from <strong>Treixadura<\/strong> from the youngest vineyards of the Avia Valley (San Crist\u00f3bal and Gomariz) on granitic sands and clay soils (s\u00e1brego).<br \/>\nAilal\u00e1 shows us the Treixadura in an immaculate, pure way. This Ribeiro wine serves as an introduction to other more complex wines called Ailalelo.<\/p>\n<p>&nbsp;<\/p>\n<p><strong>Tasting notes:<\/strong> Quite golden in color with wonderful reflections of light &#8211; very lively color. The aromatics on this wine are super clean and powerful with lemon curd, apricot, white flowers and seashells. Some wintergreen mint\/fennel\/cloves notes.\u00a0 Ripe melon and sweet lemon. Lots of body. Very dense, needs time. In the mouth notes of apricot, white peach, and peche de vigne. Just picked crunchy peach notes. Lots of zing, some tangerine, blood orange notes. Some lemon and grapefruit peel. Very persistent. Incredible relative value compared to other white wine of this ilk.<\/p>\n","protected":false},"excerpt":{"rendered":"<p>AILAL\u00c1 WHITE Dry, young, single-varietal white wine from Treixadura from the youngest vineyards of the Avia Valley (San Crist\u00f3bal and Gomariz) on granitic sands and clay soils (s\u00e1brego). Ailal\u00e1 shows us the Treixadura in an immaculate, pure way. This Ribeiro wine serves as an introduction&#8230;<\/p>\n","protected":false},"featured_media":17256,"comment_status":"closed","ping_status":"closed","template":"","meta":[],"aioseo_notices":[],"_links":{"self":[{"href":"https:\/\/losvinosdemiguel.com\/en\/wp-json\/wp\/v2\/product\/17160"}],"collection":[{"href":"https:\/\/losvinosdemiguel.com\/en\/wp-json\/wp\/v2\/product"}],"about":[{"href":"https:\/\/losvinosdemiguel.com\/en\/wp-json\/wp\/v2\/types\/product"}],"replies":[{"embeddable":true,"href":"https:\/\/losvinosdemiguel.com\/en\/wp-json\/wp\/v2\/comments?post=17160"}],"wp:featuredmedia":[{"embeddable":true,"href":"https:\/\/losvinosdemiguel.com\/en\/wp-json\/wp\/v2\/media\/17256"}],"wp:attachment":[{"href":"https:\/\/losvinosdemiguel.com\/en\/wp-json\/wp\/v2\/media?parent=17160"}],"curies":[{"name":"wp","href":"https:\/\/api.w.org\/{rel}","templated":true}]}}