{"id":17126,"date":"2021-08-22T09:55:33","date_gmt":"2021-01-22T09:55:33","guid":{"rendered":"https:\/\/losvinosdemiguel.com\/producto\/vx-cuvee-caco\/"},"modified":"2025-10-29T09:16:06","modified_gmt":"2025-10-29T08:16:06","slug":"vx-cuvee-caco","status":"publish","type":"product","link":"https:\/\/losvinosdemiguel.com\/en\/producto\/vx-cuvee-caco\/","title":{"rendered":"VX Cuv\u00e9e Caco"},"content":{"rendered":"<h3><strong>VX CUV\u00c9E CACO<\/strong><\/h3>\n<p>Varietal breakdown\u00a0 Sous\u00f3n, Cai\u00f1o Longo, Cai\u00f1o da Terra, Carabu\u00f1eira and Menc\u00eda<\/p>\n<p>Tasting notes (Josh Raynolds) Deep ruby.\u00a0 Oak-spiced dark berries aand licorice on the fragrant nose and in the mouth.\u00a0 Shows very good depth and focus, with a vanilla quality adding a sweet touch.\u00a0 Clings with spicy tenacity on the finish, framed by supple tannins.<\/p>\n","protected":false},"excerpt":{"rendered":"<p>VX CUV\u00c9E CACO Varietal breakdown\u00a0 Sous\u00f3n, Cai\u00f1o Longo, Cai\u00f1o da Terra, Carabu\u00f1eira and Menc\u00eda Tasting notes (Josh Raynolds) Deep ruby.\u00a0 Oak-spiced dark berries aand licorice on the fragrant nose and in the mouth.\u00a0 Shows very good depth and focus, with a vanilla quality adding a&#8230;<\/p>\n","protected":false},"featured_media":17051,"comment_status":"closed","ping_status":"closed","template":"","meta":[],"aioseo_notices":[],"_links":{"self":[{"href":"https:\/\/losvinosdemiguel.com\/en\/wp-json\/wp\/v2\/product\/17126"}],"collection":[{"href":"https:\/\/losvinosdemiguel.com\/en\/wp-json\/wp\/v2\/product"}],"about":[{"href":"https:\/\/losvinosdemiguel.com\/en\/wp-json\/wp\/v2\/types\/product"}],"replies":[{"embeddable":true,"href":"https:\/\/losvinosdemiguel.com\/en\/wp-json\/wp\/v2\/comments?post=17126"}],"wp:featuredmedia":[{"embeddable":true,"href":"https:\/\/losvinosdemiguel.com\/en\/wp-json\/wp\/v2\/media\/17051"}],"wp:attachment":[{"href":"https:\/\/losvinosdemiguel.com\/en\/wp-json\/wp\/v2\/media?parent=17126"}],"curies":[{"name":"wp","href":"https:\/\/api.w.org\/{rel}","templated":true}]}}