{"id":17125,"date":"2021-08-19T09:57:28","date_gmt":"2021-01-22T09:57:28","guid":{"rendered":"https:\/\/losvinosdemiguel.com\/producto\/vx-cuvee-primo\/"},"modified":"2025-01-18T11:54:02","modified_gmt":"2025-01-18T10:54:02","slug":"vx-cuvee-primo","status":"publish","type":"product","link":"https:\/\/losvinosdemiguel.com\/en\/producto\/vx-cuvee-primo\/","title":{"rendered":"VX Cuv\u00e9e Primo"},"content":{"rendered":"<h3><strong>VX CUV\u00c9E PRIMO<\/strong><\/h3>\n<p>Varietal breakdown\u00a0 Sous\u00f3n, Cai\u00f1o Longo, Cai\u00f1o da Terra, Carabu\u00f1eira and Menc\u00eda.<\/p>\n<p>Label explanation VX (experimental wine) was the sign that Sebio and Ricardo wrote at first barrels they aged in Coto de Gomariz. Primo is the name of Ricardo\u00b4s Grandfather: Primo Carreiro.<\/p>\n<p>Tasting notes (Josh Raynolds) Deep ruby.\u00a0 Oak-spiced dark berries and licorice on the fragrant nose and in the mouth.\u00a0 Shows very good depth and focus, with a vanilla quality adding a sweet touch.\u00a0 Clings with spicy tenacity on the finish, framed by supple tannins.<\/p>\n","protected":false},"excerpt":{"rendered":"<p>VX CUV\u00c9E PRIMO Varietal breakdown\u00a0 Sous\u00f3n, Cai\u00f1o Longo, Cai\u00f1o da Terra, Carabu\u00f1eira and Menc\u00eda. Label explanation VX (experimental wine) was the sign that Sebio and Ricardo wrote at first barrels they aged in Coto de Gomariz. Primo is the name of Ricardo\u00b4s Grandfather: Primo Carreiro&#8230;.<\/p>\n","protected":false},"featured_media":17053,"comment_status":"closed","ping_status":"closed","template":"","meta":[],"aioseo_notices":[],"_links":{"self":[{"href":"https:\/\/losvinosdemiguel.com\/en\/wp-json\/wp\/v2\/product\/17125"}],"collection":[{"href":"https:\/\/losvinosdemiguel.com\/en\/wp-json\/wp\/v2\/product"}],"about":[{"href":"https:\/\/losvinosdemiguel.com\/en\/wp-json\/wp\/v2\/types\/product"}],"replies":[{"embeddable":true,"href":"https:\/\/losvinosdemiguel.com\/en\/wp-json\/wp\/v2\/comments?post=17125"}],"wp:featuredmedia":[{"embeddable":true,"href":"https:\/\/losvinosdemiguel.com\/en\/wp-json\/wp\/v2\/media\/17053"}],"wp:attachment":[{"href":"https:\/\/losvinosdemiguel.com\/en\/wp-json\/wp\/v2\/media?parent=17125"}],"curies":[{"name":"wp","href":"https:\/\/api.w.org\/{rel}","templated":true}]}}